{"id":3261,"date":"2025-12-05T05:37:55","date_gmt":"2025-12-05T05:37:55","guid":{"rendered":"https:\/\/www.pintex.it\/?page_id=3261"},"modified":"2025-12-05T08:30:40","modified_gmt":"2025-12-05T08:30:40","slug":"incorporazione","status":"publish","type":"page","link":"https:\/\/www.pintex.it\/en\/incorporazione\/","title":{"rendered":"incorporation"},"content":{"rendered":"<p>[et_pb_section bb_built=\u201d1\u2033 _builder_version=\u201d4.27.4\u2033 _module_preset=\u201ddefault\u201d custom_padding=\u201d||10px|||\u201d hover_enabled=\u201d0\u2033 global_colors_info=\u201d{}\u201d background_pattern_color=\u201drgba(0,0,0,0.2)\u201d background_mask_color=\u201d#ffffff\u201d custom_margin=\u201d||30px|\u201d box_shadow_horizontal_tablet=\u201d0px\u201d box_shadow_vertical_tablet=\u201d0px\u201d box_shadow_blur_tablet=\u201d40px\u201d box_shadow_spread_tablet=\u201d0px\u201d vertical_offset_tablet=\u201d0\u2033 horizontal_offset_tablet=\u201d0\u2033][et_pb_row use_custom_gutter=\u201don\u201d gutter_width=\u201d2\u2033 make_equal=\u201don\u201d max_width=\u201d1140px\u201d width=\u201d80%\u201d width_last_edited=\u201don|phone\u201d _builder_version=\u201d4.16\u2033 _module_preset=\u201ddefault\u201d hover_enabled=\u201d0\u2033 global_colors_info=\u201d%91%93\u2033][et_pb_column type=\u201d4_4\u2033 _builder_version=\u201d4.16\u2033 _module_preset=\u201ddefault\u201d hover_enabled=\u201d0\u2033 global_colors_info=\u201d{}\u201d][et_pb_text _builder_version=\u201d4.27.4\u2033 _module_preset=\u201ddefault\u201d text_font=\u201dMontserrat|||on|||||\u201d text_text_color=\u201d#000000\u2033 text_font_size=\u201d28px\u201d text_line_height=\u201d1.2em\u201d text_orientation=\u201dcenter\u201d hover_enabled=\u201d0\u2033 global_colors_info=\u201d{}\u201d]<\/p>\n<p>Fusione per incorporazione di Barbiflex S.r.l. in Pintex S.r.l. efficace dal 01\/01\/2026<\/p>\n<p>[\/et_pb_text][et_pb_divider color=\u201d#007656\u2033 divider_weight=\u201d3px\u201d _builder_version=\u201d4.27.4\u2033 _module_preset=\u201ddefault\u201d width=\u201d40%\u201d width_tablet=\u201d75%\u201d width_last_edited=\u201don|phone\u201d module_alignment=\u201dcenter\u201d hover_enabled=\u201d0\u2033 global_colors_info=\u201d{}\u201d background_pattern_color=\u201drgba(0,0,0,0.2)\u201d background_mask_color=\u201d#ffffff\u201d box_shadow_horizontal_tablet=\u201d0px\u201d box_shadow_vertical_tablet=\u201d0px\u201d box_shadow_blur_tablet=\u201d40px\u201d box_shadow_spread_tablet=\u201d0px\u201d vertical_offset_tablet=\u201d0\u2033 horizontal_offset_tablet=\u201d0\u2033 z_index_tablet=\u201d0\u2033 \/][et_pb_text _builder_version=\u201d4.27.4\u2033 _module_preset=\u201ddefault\u201d text_font=\u201dMontserrat||||||||\u201d text_text_color=\u201d#000000\u2033 text_font_size=\u201d16px\u201d text_orientation=\u201dcenter\u201d hover_enabled=\u201d0\u2033 global_colors_info=\u201d{}\u201d]<\/p>\n<p><span>Informiamo Clienti, Fornitori, Partner e Stakeholder che in data 01\/01\/2026 avr\u00e0 effetto la fusione per incorporazione di Barbiflex S.r.l. in Pintex S.r.l. ai sensi degli artt. 2501 e seguenti e 2504-bis c.c., tutti i rapporti giuridici attivi e passivi facenti capo a Barbiflex S.r.l. proseguono senza soluzione di continuit\u00e0 in capo alla societ\u00e0 incorporante Pintex S.r.l., che assume la nuova denominazione sociale \u201cBarbiflex S.r.l.\u201d. <\/span><\/p>\n<p><span>Questo passaggio strategico rafforza la nostra capacit\u00e0 industriale, l\u2019innovazione e il servizio al cliente nel settore dei tessuti non tessuti. Continueremo a investire in qualit\u00e0, affidabilit\u00e0 e sostenibilit\u00e0 lungo l\u2019intera filiera produttiva.<\/span><\/p>\n<p><span>La fusione non comporta interruzioni operative: ordini, forniture, assistenza e garanzie seguono regolarmente. Restano validi contratti, condizioni di vendita\/acquisto, listini, offerte e accordi preesistenti, salvo eventuali aggiornamenti condivisi per iscritto.<\/span><\/p>\n<p><strong><span>Dati societari post-fusione (dal 01\/01\/2026):<\/span><\/strong><\/p>\n<p style=\"text-align: center;\"><span>Ragione sociale: Barbiflex S.r.l. (gi\u00e0 Pintex S.r.l.)<br \/><\/span><span style=\"font-size: 16px;\">Codice Fiscale \/ Partita IVA: 08182960966<br \/><\/span><span style=\"font-size: 16px;\">REA \/ Registro Imprese: R.E.A. MB 1888821 \u2013 C.F.\/Reg. Imprese 08182960966<\/span><\/p>\n<p><span style=\"font-size: 16px;\">Sede legale ed operativa: Via Lombardia 27 \u2013 20841 Carate Brianza (MB) \u2013 IT<br \/><\/span><span style=\"font-size: 16px;\">Sede Operativa: Via Vecchia Canturina, 11 \u2013 22060 Novedrate (CO) \u2013 IT<\/span><\/p>\n<p style=\"text-align: center;\"><span>PEC: <a href=\"mailto:barbiflex@pec.it\">barbiflex@pec.it<\/a><br \/><\/span><span style=\"font-size: 16px;\">Codice SDI: BY5KTZZ<br \/><\/span><span style=\"font-size: 16px;\">Capitale sociale: \u20ac 816.000,00 i.v.<\/span><\/p>\n<p style=\"text-align: center;\"><span>Telefono sede legale ed operativa: Via Lombardia 27 \u2013 20841 Carate Brianza (MB) \u2013 IT \u2013 +39 0362 929342<br \/><\/span><span style=\"font-size: 16px;\">Telefono sede operativa 2: Via Vecchia Canturina, 11 \u2013 22060 Novedrate (CO) \u2013 IT \u2013<\/span><\/p>\n<p><span>+39 031 792097<br \/><\/span><span style=\"font-size: 16px;\">E-mail generale: info@barbiflex.it<\/span><\/p>\n<p><strong><span>Fatturazione e documenti:<br \/><\/span><\/strong><span style=\"font-size: 16px;\">Dal 01\/01\/2026 le fatture saranno emesse da Barbiflex S.r.l. (C.F.\/P.IVA 08182960966).<br \/><\/span><span style=\"font-size: 16px;\">Le fatture con data \u2264 31\/12\/2025 restano intestate ai precedenti soggetti secondo le regole vigenti.<br \/><\/span><span style=\"font-size: 16px;\">Eventuali retrodatazioni contabili\/fiscali previste dal progetto di fusione non modificano le modalit\u00e0 operative per Clienti e Fornitori.<\/span><\/p>\n<p><strong><span>Personale e contatti:<br \/><\/span><\/strong><span style=\"font-size: 16px;\">Tutto il personale prosegue il rapporto di lavoro ai sensi dell\u2019art. 2112 c.c. I referenti commerciali, tecnici e amministrativi restano invariati. Le caselle e-mail e i numeri di telefono attuali continuano a funzionare; nuovi domini\/mail saranno comunicati in caso di aggiornamenti.<\/span><\/p>\n<p><strong><span>Privacy (GDPR):<br \/><\/span><\/strong><span style=\"font-size: 16px;\">I dati personali trattati da Barbiflex S.r.l. confluiscono in Barbiflex S.r.l. (gi\u00e0 Pintex S.r.l.) in qualit\u00e0 di nuovo Titolare del trattamento. Informativa Privacy al presente <\/span><a href=\"https:\/\/www.iubenda.com\/privacy-policy\/27952512\" style=\"font-size: 16px;\">link<\/a><span style=\"font-size: 16px;\">.<\/span><\/p>\n<h2><span style=\"font-size: large;\">\u00a0<strong>FAQ operative<\/strong><\/span><\/h2>\n<p><strong><span>La mia azienda deve firmare nuovi contratti?<br \/><\/span><\/strong><span style=\"font-size: 16px;\">No. I contratti in essere proseguono automaticamente con la societ\u00e0 incorporante (art. 2504-bis c.c.).<\/span><\/p>\n<p><strong><span>Cambiano P.IVA e dati fiscali per le fatture dal 01\/01\/2026?<br \/><\/span><\/strong><span style=\"font-size: 16px;\">S\u00ec: dal 01\/01\/2026 le fatture vanno intestate a Barbiflex S.r.l. (C.F.\/P.IVA 08182960966).<br \/><\/span><span>Aggiornare l\u2019anagrafica fornitore\/cliente.<\/span><\/p>\n<p><strong><span>Che cosa succede agli ordini gi\u00e0 confermati?<br \/><\/span><\/strong><span style=\"font-size: 16px;\">Restano validi e saranno evasi senza modifiche alle tempistiche comunicate, salvo cause di forza maggiore.<\/span><\/p>\n<p><strong><span>I listini e le condizioni commerciali cambiano?<br \/><\/span><\/strong><span style=\"font-size: 16px;\">Restano invariate, salvo specifico accordo scritto. Eventuali aggiornamenti saranno comunicati.<\/span><\/p>\n<p><strong><span>\u00a0<\/span><\/strong><strong style=\"font-size: 16px;\">Devo cambiare IBAN?<br \/><\/strong><span style=\"font-size: 16px;\">Usate l\u2019IBAN gi\u00e0 a vostre mani per fatture con data \u2265 01\/01\/2026. Eventuali bonifici su vecchi IBAN saranno riallineati evitando disservizi.<\/span><\/p>\n<p><strong><span>I RUP\/portali di e-procurement e SDI vanno aggiornati?<br \/><\/span><\/strong><span style=\"font-size: 16px;\">S\u00ec, con la nuova ragione sociale e il C.F.\/P.IVA 08182960966 e Codice SDI BY5KTZZ, a partire dal 01\/01\/2026.<\/span><\/p>\n<p><strong><span>Come vengono gestiti i dati personali?<br \/><\/span><\/strong><span style=\"font-size: 16px;\">Confluendo nel nuovo Titolare, nel rispetto del GDPR.<\/span><\/p>\n<p><strong><span>Il personale resta lo stesso?<br \/><\/span><\/strong><span style=\"font-size: 16px;\">S\u00ec. Rapporti e tutele proseguono ex art. 2112 c.c.; i referenti restano invariati.<\/span><\/p>\n<p>[\/et_pb_text][\/et_pb_column][\/et_pb_row][\/et_pb_section]<\/p>\n","protected":false},"excerpt":{"rendered":"<p>Fusione per incorporazione di Barbiflex S.r.l. in Pintex S.r.l. efficace dal 01\/01\/2026 Informiamo Clienti, Fornitori, Partner e Stakeholder che in data 01\/01\/2026 avr\u00e0 effetto la fusione per incorporazione di Barbiflex S.r.l. in Pintex S.r.l. ai sensi degli artt. 2501 e seguenti e 2504-bis c.c., tutti i rapporti giuridici attivi e passivi facenti capo a Barbiflex [&hellip;]<\/p>\n","protected":false},"author":6,"featured_media":0,"parent":0,"menu_order":0,"comment_status":"closed","ping_status":"closed","template":"","meta":{"_acf_changed":false,"_et_pb_use_builder":"on","_et_pb_old_content":"","_et_gb_content_width":"","footnotes":""},"class_list":["post-3261","page","type-page","status-publish","hentry"],"acf":[],"yoast_head":"<!-- This site is optimized with the Yoast SEO plugin v27.5 - https:\/\/yoast.com\/product\/yoast-seo-wordpress\/ -->\n<title>incorporazione - Pintex<\/title>\n<meta name=\"robots\" content=\"index, follow, max-snippet:-1, max-image-preview:large, max-video-preview:-1\" \/>\n<link rel=\"canonical\" href=\"https:\/\/www.pintex.it\/en\/incorporazione\/\" \/>\n<meta property=\"og:locale\" content=\"en_US\" \/>\n<meta property=\"og:type\" content=\"article\" \/>\n<meta property=\"og:title\" content=\"incorporazione - Pintex\" \/>\n<meta property=\"og:description\" content=\"Fusione per incorporazione di Barbiflex S.r.l. in Pintex S.r.l. efficace dal 01\/01\/2026 Informiamo Clienti, Fornitori, Partner e Stakeholder che in data 01\/01\/2026 avr\u00e0 effetto la fusione per incorporazione di Barbiflex S.r.l. in Pintex S.r.l. ai sensi degli artt. 2501 e seguenti e 2504-bis c.c., tutti i rapporti giuridici attivi e passivi facenti capo a Barbiflex [&hellip;]\" \/>\n<meta property=\"og:url\" content=\"https:\/\/www.pintex.it\/en\/incorporazione\/\" \/>\n<meta property=\"og:site_name\" content=\"Pintex\" \/>\n<meta property=\"article:modified_time\" content=\"2025-12-05T08:30:40+00:00\" \/>\n<meta name=\"twitter:card\" content=\"summary_large_image\" \/>\n<meta name=\"twitter:label1\" content=\"Est. reading time\" \/>\n\t<meta name=\"twitter:data1\" content=\"3 minutes\" \/>\n<script type=\"application\/ld+json\" class=\"yoast-schema-graph\">{\"@context\":\"https:\\\/\\\/schema.org\",\"@graph\":[{\"@type\":\"WebPage\",\"@id\":\"https:\\\/\\\/www.pintex.it\\\/incorporazione\\\/\",\"url\":\"https:\\\/\\\/www.pintex.it\\\/incorporazione\\\/\",\"name\":\"incorporazione - Pintex\",\"isPartOf\":{\"@id\":\"https:\\\/\\\/www.pintex.it\\\/#website\"},\"datePublished\":\"2025-12-05T05:37:55+00:00\",\"dateModified\":\"2025-12-05T08:30:40+00:00\",\"breadcrumb\":{\"@id\":\"https:\\\/\\\/www.pintex.it\\\/incorporazione\\\/#breadcrumb\"},\"inLanguage\":\"en-US\",\"potentialAction\":[{\"@type\":\"ReadAction\",\"target\":[\"https:\\\/\\\/www.pintex.it\\\/incorporazione\\\/\"]}]},{\"@type\":\"BreadcrumbList\",\"@id\":\"https:\\\/\\\/www.pintex.it\\\/incorporazione\\\/#breadcrumb\",\"itemListElement\":[{\"@type\":\"ListItem\",\"position\":1,\"name\":\"Home\",\"item\":\"https:\\\/\\\/www.pintex.it\\\/\"},{\"@type\":\"ListItem\",\"position\":2,\"name\":\"incorporazione\"}]},{\"@type\":\"WebSite\",\"@id\":\"https:\\\/\\\/www.pintex.it\\\/#website\",\"url\":\"https:\\\/\\\/www.pintex.it\\\/\",\"name\":\"Pintex\",\"description\":\"\",\"potentialAction\":[{\"@type\":\"SearchAction\",\"target\":{\"@type\":\"EntryPoint\",\"urlTemplate\":\"https:\\\/\\\/www.pintex.it\\\/?s={search_term_string}\"},\"query-input\":{\"@type\":\"PropertyValueSpecification\",\"valueRequired\":true,\"valueName\":\"search_term_string\"}}],\"inLanguage\":\"en-US\"}]}<\/script>\n<!-- \/ Yoast SEO plugin. -->","yoast_head_json":{"title":"incorporazione - Pintex","robots":{"index":"index","follow":"follow","max-snippet":"max-snippet:-1","max-image-preview":"max-image-preview:large","max-video-preview":"max-video-preview:-1"},"canonical":"https:\/\/www.pintex.it\/en\/incorporazione\/","og_locale":"en_US","og_type":"article","og_title":"incorporazione - Pintex","og_description":"Fusione per incorporazione di Barbiflex S.r.l. in Pintex S.r.l. efficace dal 01\/01\/2026 Informiamo Clienti, Fornitori, Partner e Stakeholder che in data 01\/01\/2026 avr\u00e0 effetto la fusione per incorporazione di Barbiflex S.r.l. in Pintex S.r.l. ai sensi degli artt. 2501 e seguenti e 2504-bis c.c., tutti i rapporti giuridici attivi e passivi facenti capo a Barbiflex [&hellip;]","og_url":"https:\/\/www.pintex.it\/en\/incorporazione\/","og_site_name":"Pintex","article_modified_time":"2025-12-05T08:30:40+00:00","twitter_card":"summary_large_image","twitter_misc":{"Est. reading time":"3 minutes"},"schema":{"@context":"https:\/\/schema.org","@graph":[{"@type":"WebPage","@id":"https:\/\/www.pintex.it\/incorporazione\/","url":"https:\/\/www.pintex.it\/incorporazione\/","name":"incorporazione - Pintex","isPartOf":{"@id":"https:\/\/www.pintex.it\/#website"},"datePublished":"2025-12-05T05:37:55+00:00","dateModified":"2025-12-05T08:30:40+00:00","breadcrumb":{"@id":"https:\/\/www.pintex.it\/incorporazione\/#breadcrumb"},"inLanguage":"en-US","potentialAction":[{"@type":"ReadAction","target":["https:\/\/www.pintex.it\/incorporazione\/"]}]},{"@type":"BreadcrumbList","@id":"https:\/\/www.pintex.it\/incorporazione\/#breadcrumb","itemListElement":[{"@type":"ListItem","position":1,"name":"Home","item":"https:\/\/www.pintex.it\/"},{"@type":"ListItem","position":2,"name":"incorporazione"}]},{"@type":"WebSite","@id":"https:\/\/www.pintex.it\/#website","url":"https:\/\/www.pintex.it\/","name":"Pintex","description":"","potentialAction":[{"@type":"SearchAction","target":{"@type":"EntryPoint","urlTemplate":"https:\/\/www.pintex.it\/?s={search_term_string}"},"query-input":{"@type":"PropertyValueSpecification","valueRequired":true,"valueName":"search_term_string"}}],"inLanguage":"en-US"}]}},"_links":{"self":[{"href":"https:\/\/www.pintex.it\/en\/wp-json\/wp\/v2\/pages\/3261","targetHints":{"allow":["GET"]}}],"collection":[{"href":"https:\/\/www.pintex.it\/en\/wp-json\/wp\/v2\/pages"}],"about":[{"href":"https:\/\/www.pintex.it\/en\/wp-json\/wp\/v2\/types\/page"}],"author":[{"embeddable":true,"href":"https:\/\/www.pintex.it\/en\/wp-json\/wp\/v2\/users\/6"}],"replies":[{"embeddable":true,"href":"https:\/\/www.pintex.it\/en\/wp-json\/wp\/v2\/comments?post=3261"}],"version-history":[{"count":10,"href":"https:\/\/www.pintex.it\/en\/wp-json\/wp\/v2\/pages\/3261\/revisions"}],"predecessor-version":[{"id":3823,"href":"https:\/\/www.pintex.it\/en\/wp-json\/wp\/v2\/pages\/3261\/revisions\/3823"}],"wp:attachment":[{"href":"https:\/\/www.pintex.it\/en\/wp-json\/wp\/v2\/media?parent=3261"}],"curies":[{"name":"wp","href":"https:\/\/api.w.org\/{rel}","templated":true}]}}